{"id":2456,"date":"2025-10-03T09:53:33","date_gmt":"2025-10-03T09:53:33","guid":{"rendered":"https:\/\/www.gfmfotovoltaica.com\/autoconsumo-fotovoltaico\/"},"modified":"2024-09-13T13:27:14","modified_gmt":"2024-09-13T13:27:14","slug":"autoconsommation-photovoltaique","status":"publish","type":"page","link":"https:\/\/www.gfmfotovoltaica.com\/fr\/autoconsommation-photovoltaique\/","title":{"rendered":"Autoconsommation photovolta\u00efque"},"content":{"rendered":"<p><div class=\"fusion-fullwidth fullwidth-box fusion-builder-row-1 fusion-flex-container has-pattern-background has-mask-background nonhundred-percent-fullwidth non-hundred-percent-height-scrolling\" style=\"--awb-border-radius-top-left:0px;--awb-border-radius-top-right:0px;--awb-border-radius-bottom-right:0px;--awb-border-radius-bottom-left:0px;--awb-flex-wrap:wrap;\" ><div class=\"fusion-builder-row fusion-row fusion-flex-align-items-center fusion-flex-justify-content-center fusion-flex-content-wrap\" style=\"max-width:1456px;margin-left: calc(-4% \/ 2 );margin-right: calc(-4% \/ 2 );\"><div class=\"fusion-layout-column fusion_builder_column fusion-builder-column-0 fusion_builder_column_1_1 1_1 fusion-flex-column\" style=\"--awb-padding-top-small:10px;--awb-padding-right-small:10px;--awb-padding-bottom-small:10px;--awb-padding-left-small:10px;--awb-overflow:hidden;--awb-bg-size:cover;--awb-border-radius:60px 60px 60px 60px;--awb-width-large:100%;--awb-margin-top-large:20px;--awb-spacing-right-large:1.92%;--awb-margin-bottom-large:20px;--awb-spacing-left-large:1.92%;--awb-width-medium:100%;--awb-order-medium:0;--awb-spacing-right-medium:1.92%;--awb-spacing-left-medium:1.92%;--awb-width-small:100%;--awb-order-small:0;--awb-margin-top-small:0px;--awb-spacing-right-small:1.92%;--awb-spacing-left-small:1.92%;\" data-scroll-devices=\"small-visibility,medium-visibility,large-visibility\"><div class=\"fusion-column-wrapper lazyload fusion-column-has-shadow fusion-flex-justify-content-flex-start fusion-content-layout-column fusion-column-has-bg-image\" data-bg-url=\"https:\/\/www.gfmfotovoltaica.com\/wp-content\/uploads\/2024\/07\/bg-4-desktop.webp\" data-bg=\"https:\/\/www.gfmfotovoltaica.com\/wp-content\/uploads\/2024\/07\/bg-4-desktop.webp\"><div class=\"fusion-title title fusion-title-1 fusion-no-small-visibility fusion-sep-none fusion-title-center fusion-title-text fusion-title-size-one\" style=\"--awb-text-color:var(--awb-color1);--awb-margin-top:150px;--awb-margin-bottom:150px;--awb-margin-top-small:100px;--awb-margin-bottom-small:100px;--awb-margin-top-medium:150px;--awb-margin-bottom-medium:150px;--awb-font-size:60px;\"><h1 class=\"fusion-title-heading title-heading-center\" style=\"font-family:&quot;Poppins&quot;;font-style:normal;font-weight:700;margin:0;font-size:1em;\"><p>Autoconsommation<\/p>\n<p>Photovolta\u00efque<\/p><\/h1><\/div><div class=\"fusion-title title fusion-title-2 fusion-no-medium-visibility fusion-no-large-visibility fusion-sep-none fusion-title-center fusion-title-text fusion-title-size-one\" style=\"--awb-text-color:var(--awb-color1);--awb-margin-top:150px;--awb-margin-bottom:150px;--awb-margin-top-small:100px;--awb-margin-bottom-small:100px;--awb-margin-top-medium:150px;--awb-margin-bottom-medium:150px;--awb-font-size:38px;\"><h1 class=\"fusion-title-heading title-heading-center\" style=\"font-family:&quot;Poppins&quot;;font-style:normal;font-weight:700;margin:0;font-size:1em;\"><p>Autoconsommation<\/p>\n<p>Photovolta\u00efque<\/p><\/h1><\/div><\/div><\/div><\/div><\/div><div class=\"fusion-fullwidth fullwidth-box fusion-builder-row-2 fusion-flex-container has-pattern-background has-mask-background nonhundred-percent-fullwidth non-hundred-percent-height-scrolling\" style=\"--awb-border-radius-top-left:0px;--awb-border-radius-top-right:0px;--awb-border-radius-bottom-right:0px;--awb-border-radius-bottom-left:0px;--awb-flex-wrap:wrap;\" ><div class=\"fusion-builder-row fusion-row fusion-flex-align-items-center fusion-flex-justify-content-center fusion-flex-content-wrap\" style=\"max-width:1456px;margin-left: calc(-4% \/ 2 );margin-right: calc(-4% \/ 2 );\"><div class=\"fusion-layout-column fusion_builder_column fusion-builder-column-1 fusion_builder_column_1_1 1_1 fusion-flex-column\" style=\"--awb-padding-top:50px;--awb-padding-right:20%;--awb-padding-bottom:50px;--awb-padding-left:20%;--awb-padding-top-medium:50px;--awb-padding-right-medium:15%;--awb-padding-bottom-medium:50px;--awb-padding-left-medium:15%;--awb-padding-top-small:50px;--awb-padding-right-small:10%;--awb-padding-bottom-small:50px;--awb-padding-left-small:10%;--awb-overflow:hidden;--awb-bg-position:center center;--awb-bg-blend:multiply;--awb-bg-size:cover;--awb-box-shadow:2px 2px 5px 5px rgba(51,51,51,0.3);;--awb-border-radius:60px 60px 60px 60px;--awb-width-large:100%;--awb-margin-top-large:20px;--awb-spacing-right-large:1.92%;--awb-margin-bottom-large:20px;--awb-spacing-left-large:1.92%;--awb-width-medium:100%;--awb-order-medium:0;--awb-spacing-right-medium:1.92%;--awb-spacing-left-medium:1.92%;--awb-width-small:100%;--awb-order-small:0;--awb-spacing-right-small:1.92%;--awb-spacing-left-small:1.92%;\" data-scroll-devices=\"small-visibility,medium-visibility,large-visibility\"><div class=\"fusion-column-wrapper lazyload fusion-column-has-shadow fusion-flex-justify-content-flex-start fusion-content-layout-column fusion-column-has-bg-image\" data-bg-url=\"https:\/\/www.gfmfotovoltaica.com\/wp-content\/uploads\/2024\/07\/bg-6-desktop.webp\" data-bg=\"https:\/\/www.gfmfotovoltaica.com\/wp-content\/uploads\/2024\/07\/bg-6-desktop.webp\"><div class=\"fusion-title title fusion-title-3 fusion-sep-none fusion-title-center fusion-title-text fusion-title-size-two\" style=\"--awb-text-color:var(--awb-color1);--awb-margin-bottom:20px;--awb-font-size:30px;\"><h2 class=\"fusion-title-heading title-heading-center\" style=\"font-family:&quot;Poppins&quot;;font-style:normal;font-weight:600;margin:0;font-size:1em;\">Autoconsommation industrielle<\/h2><\/div><div class=\"fusion-text fusion-text-1 fusion-text-no-margin\" style=\"--awb-content-alignment:center;--awb-font-size:16px;--awb-text-color:var(--awb-color1);--awb-margin-bottom:20px;--awb-text-font-family:&quot;Poppins&quot;;--awb-text-font-style:normal;--awb-text-font-weight:400;\"><p>Fort de notre exp\u00e9rience dans le secteur industriel, chez GFM nous apportons des solutions adapt\u00e9es aux sp\u00e9cifications de chaque branche, favorisant la rentabilit\u00e9 efficace et durable des entreprises. En deux d\u00e9cennies, nous avons aid\u00e9 de nombreuses entreprises \u00e0 adopter des pratiques de consommation et de production \u00e9nerg\u00e9tiques plus vertes et plus responsables.<\/p>\n<\/div><div style=\"text-align:center;\"><a class=\"fusion-button button-flat button-large button-default fusion-button-default button-1 fusion-button-default-span fusion-button-default-type\" target=\"_self\" href=\"\/fr\/autoconsumo-fotovoltaico-industrial\/\"><span class=\"fusion-button-text\">Apprendre encore plus<\/span><\/a><\/div><\/div><\/div><\/div><\/div><div class=\"fusion-fullwidth fullwidth-box fusion-builder-row-3 fusion-flex-container has-pattern-background has-mask-background nonhundred-percent-fullwidth non-hundred-percent-height-scrolling\" style=\"--awb-border-radius-top-left:0px;--awb-border-radius-top-right:0px;--awb-border-radius-bottom-right:0px;--awb-border-radius-bottom-left:0px;--awb-flex-wrap:wrap;\" ><div class=\"fusion-builder-row fusion-row fusion-flex-align-items-center fusion-flex-justify-content-center fusion-flex-content-wrap\" style=\"max-width:1456px;margin-left: calc(-4% \/ 2 );margin-right: calc(-4% \/ 2 );\"><div class=\"fusion-layout-column fusion_builder_column fusion-builder-column-2 fusion_builder_column_1_1 1_1 fusion-flex-column\" style=\"--awb-padding-top:50px;--awb-padding-right:20%;--awb-padding-bottom:50px;--awb-padding-left:20%;--awb-padding-top-medium:50px;--awb-padding-right-medium:15%;--awb-padding-bottom-medium:50px;--awb-padding-left-medium:15%;--awb-padding-top-small:50px;--awb-padding-right-small:10%;--awb-padding-bottom-small:50px;--awb-padding-left-small:10%;--awb-overflow:hidden;--awb-bg-image:linear-gradient(180deg, rgba(51,51,51,0.7) 0%,rgba(51,51,51,0.7) 100%);;--awb-bg-position:center center;--awb-bg-blend:multiply;--awb-bg-size:cover;--awb-box-shadow:2px 2px 5px 5px rgba(51,51,51,0.3);;--awb-border-radius:60px 60px 60px 60px;--awb-width-large:100%;--awb-margin-top-large:40px;--awb-spacing-right-large:1.92%;--awb-margin-bottom-large:20px;--awb-spacing-left-large:1.92%;--awb-width-medium:100%;--awb-order-medium:0;--awb-spacing-right-medium:1.92%;--awb-spacing-left-medium:1.92%;--awb-width-small:100%;--awb-order-small:0;--awb-margin-top-small:20px;--awb-spacing-right-small:1.92%;--awb-spacing-left-small:1.92%;\" data-scroll-devices=\"small-visibility,medium-visibility,large-visibility\"><div class=\"fusion-column-wrapper lazyload fusion-column-has-shadow fusion-flex-justify-content-flex-start fusion-content-layout-column fusion-column-has-bg-image\" data-bg-url=\"https:\/\/www.gfmfotovoltaica.com\/wp-content\/uploads\/2024\/08\/aut-res.webp\" data-bg=\"https:\/\/www.gfmfotovoltaica.com\/wp-content\/uploads\/2024\/08\/aut-res.webp\" data-bg-gradient=\"linear-gradient(180deg, rgba(51,51,51,0.7) 0%,rgba(51,51,51,0.7) 100%)\"><div class=\"fusion-title title fusion-title-4 fusion-sep-none fusion-title-center fusion-title-text fusion-title-size-two\" style=\"--awb-text-color:var(--awb-color1);--awb-margin-bottom:20px;--awb-font-size:30px;\"><h2 class=\"fusion-title-heading title-heading-center\" style=\"font-family:&quot;Poppins&quot;;font-style:normal;font-weight:600;margin:0;font-size:1em;\">Autoconsommation r\u00e9sidentielle<\/h2><\/div><div class=\"fusion-text fusion-text-2 fusion-text-no-margin\" style=\"--awb-content-alignment:center;--awb-font-size:16px;--awb-text-color:var(--awb-color1);--awb-margin-bottom:20px;--awb-text-font-family:&quot;Poppins&quot;;--awb-text-font-style:normal;--awb-text-font-weight:400;\"><p>Chez GFM, nous cr\u00e9ons des solutions sur mesure apr\u00e8s une \u00e9tude d\u00e9taill\u00e9e de chaque client, garantissant une adaptation maximale \u00e0 ses besoins. Nous nous effor\u00e7ons de rendre les maisons plus \u00e9conomes en \u00e9nergie et plus durables.<\/p>\n<\/div><div style=\"text-align:center;\"><a class=\"fusion-button button-flat button-large button-default fusion-button-default button-2 fusion-button-default-span fusion-button-default-type\" target=\"_self\" href=\"\/fr\/autoconsumo-fotovoltaico-residencial\/\"><span class=\"fusion-button-text\">Apprendre encore plus<\/span><\/a><\/div><\/div><\/div><\/div><\/div><div class=\"fusion-fullwidth fullwidth-box fusion-builder-row-4 fusion-flex-container has-pattern-background has-mask-background nonhundred-percent-fullwidth non-hundred-percent-height-scrolling\" style=\"--awb-border-radius-top-left:0px;--awb-border-radius-top-right:0px;--awb-border-radius-bottom-right:0px;--awb-border-radius-bottom-left:0px;--awb-flex-wrap:wrap;\" ><div class=\"fusion-builder-row fusion-row fusion-flex-align-items-center fusion-flex-justify-content-center fusion-flex-content-wrap\" style=\"max-width:1456px;margin-left: calc(-4% \/ 2 );margin-right: calc(-4% \/ 2 );\"><div class=\"fusion-layout-column fusion_builder_column fusion-builder-column-3 fusion_builder_column_1_1 1_1 fusion-flex-column\" style=\"--awb-padding-top:50px;--awb-padding-right:20%;--awb-padding-bottom:50px;--awb-padding-left:20%;--awb-padding-top-medium:50px;--awb-padding-right-medium:15%;--awb-padding-bottom-medium:50px;--awb-padding-left-medium:15%;--awb-padding-top-small:50px;--awb-padding-right-small:10%;--awb-padding-bottom-small:50px;--awb-padding-left-small:10%;--awb-overflow:hidden;--awb-bg-image:linear-gradient(180deg, rgba(51,51,51,0.7) 0%,rgba(51,51,51,0.7) 100%);;--awb-bg-position:center center;--awb-bg-blend:multiply;--awb-bg-size:cover;--awb-box-shadow:2px 2px 5px 5px rgba(51,51,51,0.3);;--awb-border-radius:60px 60px 60px 60px;--awb-width-large:100%;--awb-margin-top-large:20px;--awb-spacing-right-large:1.92%;--awb-margin-bottom-large:20px;--awb-spacing-left-large:1.92%;--awb-width-medium:100%;--awb-order-medium:0;--awb-spacing-right-medium:1.92%;--awb-spacing-left-medium:1.92%;--awb-width-small:100%;--awb-order-small:0;--awb-spacing-right-small:1.92%;--awb-spacing-left-small:1.92%;\" data-scroll-devices=\"small-visibility,medium-visibility,large-visibility\"><div class=\"fusion-column-wrapper lazyload fusion-column-has-shadow fusion-flex-justify-content-flex-start fusion-content-layout-column fusion-column-has-bg-image\" data-bg-url=\"https:\/\/www.gfmfotovoltaica.com\/wp-content\/uploads\/2024\/08\/aut-comp.webp\" data-bg=\"https:\/\/www.gfmfotovoltaica.com\/wp-content\/uploads\/2024\/08\/aut-comp.webp\" data-bg-gradient=\"linear-gradient(180deg, rgba(51,51,51,0.7) 0%,rgba(51,51,51,0.7) 100%)\"><div class=\"fusion-title title fusion-title-5 fusion-sep-none fusion-title-center fusion-title-text fusion-title-size-two\" style=\"--awb-text-color:var(--awb-color1);--awb-margin-bottom:20px;--awb-font-size:30px;\"><h2 class=\"fusion-title-heading title-heading-center\" style=\"font-family:&quot;Poppins&quot;;font-style:normal;font-weight:600;margin:0;font-size:1em;\">Autoconsommation partag\u00e9e<\/h2><\/div><div class=\"fusion-text fusion-text-3 fusion-text-no-margin\" style=\"--awb-content-alignment:center;--awb-font-size:16px;--awb-text-color:var(--awb-color1);--awb-margin-bottom:20px;--awb-text-font-family:&quot;Poppins&quot;;--awb-text-font-style:normal;--awb-text-font-weight:400;\"><p>En GFM creamos soluciones personalizadas para nuestros clientes y las diversas opciones de consumo del mercado. Presentamos &lsquo;SuninComunity&rsquo;, el autoconsumo compartido que permite a varias \u00ab\u00a0comunidades solares\u00a0\u00bb compartir energ\u00eda renovable de una instalaci\u00f3n fotovoltaica \u00fanica. Este modelo energ\u00e9tico urbano maximiza el aprovechamiento de los tejados de los clientes.<\/p>\n<\/div><div style=\"text-align:center;\"><a class=\"fusion-button button-flat button-large button-default fusion-button-default button-3 fusion-button-default-span fusion-button-default-type\" target=\"_self\" href=\"\/fr\/autoconsumo-fotovoltaico-compartido\/\"><span class=\"fusion-button-text\">Apprendre encore plus<\/span><\/a><\/div><\/div><\/div><\/div><\/div><div class=\"fusion-fullwidth fullwidth-box fusion-builder-row-5 fusion-flex-container has-pattern-background has-mask-background nonhundred-percent-fullwidth non-hundred-percent-height-scrolling fusion-no-medium-visibility fusion-no-large-visibility fusion-custom-z-index\" style=\"--awb-border-radius-top-left:0px;--awb-border-radius-top-right:0px;--awb-border-radius-bottom-right:0px;--awb-border-radius-bottom-left:0px;--awb-z-index:99999;--awb-padding-top:0px;--awb-padding-right:0px;--awb-padding-bottom:0px;--awb-padding-left:0px;--awb-margin-top:0px;--awb-margin-bottom:0px;--awb-flex-wrap:wrap;\" ><div class=\"fusion-builder-row fusion-row fusion-flex-align-items-flex-start fusion-flex-content-wrap\" style=\"max-width:1456px;margin-left: calc(-4% \/ 2 );margin-right: calc(-4% \/ 2 );\"><div class=\"fusion-layout-column fusion_builder_column fusion-builder-column-4 fusion_builder_column_1_1 1_1 fusion-flex-column\" style=\"--awb-bg-size:cover;--awb-width-large:100%;--awb-margin-top-large:0px;--awb-spacing-right-large:1.92%;--awb-margin-bottom-large:0px;--awb-spacing-left-large:1.92%;--awb-width-medium:100%;--awb-order-medium:0;--awb-spacing-right-medium:1.92%;--awb-spacing-left-medium:1.92%;--awb-width-small:100%;--awb-order-small:0;--awb-spacing-right-small:1.92%;--awb-spacing-left-small:1.92%;\" data-scroll-devices=\"small-visibility,medium-visibility,large-visibility\"><div class=\"fusion-column-wrapper fusion-column-has-shadow fusion-flex-justify-content-flex-start fusion-content-layout-column\"><div class=\"fixed\">\u00a0\u00a0\n\u00a0\u00a0\u00a0\u00a0\u00a0\u00a0 <a href=\"tel:+34925195784\"><div class=\"correo bloque correo\"><img decoding=\"async\" class=\"lazyload barra \" src=\"data:image\/gif;base64,R0lGODlhAQABAAAAACH5BAEKAAEALAAAAAABAAEAAAICTAEAOw==\" data-orig-src=\"\/wp-content\/uploads\/2024\/07\/icono-telefono.webp\" alt=\"correo\"><span class=\"spam\" style=\"color:#ffffff; padding:10px; font-family:poppins; font-weight:500;\">APPELS<\/span><\/div><\/a>\n\u00a0\u00a0\u00a0\u00a0\u00a0\u00a0\u00a0<a href=\"\/fr\/contacto\"><div class=\"tel bloque barraDos\"><img decoding=\"async\" class=\"lazyload barra\u00a0 \" src=\"data:image\/gif;base64,R0lGODlhAQABAAAAACH5BAEKAAEALAAAAAABAAEAAAICTAEAOw==\" data-orig-src=\"\/wp-content\/uploads\/2024\/07\/icono-localizacion.webp\" alt=\"ubicaci\u00f3n\"><span class=\"spam\" style=\"color:#ffffff; padding:10px; font-family:poppins; font-weight:500;\">CONTACT<\/span><\/div><\/a>\n<\/div><\/div><\/div><\/div><\/div><\/p>\n","protected":false},"excerpt":{"rendered":"","protected":false},"author":2,"featured_media":0,"parent":0,"menu_order":0,"comment_status":"closed","ping_status":"closed","template":"100-width.php","meta":{"footnotes":""},"class_list":["post-2456","page","type-page","status-publish","hentry"],"yoast_head":"<!-- This site is optimized with the Yoast SEO plugin v27.2 - https:\/\/yoast.com\/product\/yoast-seo-wordpress\/ -->\n<title>Autoconsommation photovolta\u00efque - GFM Fotovoltaica<\/title>\n<meta name=\"robots\" content=\"index, follow, max-snippet:-1, max-image-preview:large, max-video-preview:-1\" \/>\n<link rel=\"canonical\" href=\"https:\/\/www.gfmfotovoltaica.com\/fr\/autoconsommation-photovoltaique\/\" \/>\n<meta property=\"og:locale\" content=\"fr_FR\" \/>\n<meta property=\"og:type\" content=\"article\" \/>\n<meta property=\"og:title\" content=\"Autoconsommation photovolta\u00efque - GFM Fotovoltaica\" \/>\n<meta property=\"og:url\" content=\"https:\/\/www.gfmfotovoltaica.com\/fr\/autoconsommation-photovoltaique\/\" \/>\n<meta property=\"og:site_name\" content=\"GFM Fotovoltaica\" \/>\n<meta name=\"twitter:card\" content=\"summary_large_image\" \/>\n<meta name=\"twitter:label1\" content=\"Dur\u00e9e de lecture estim\u00e9e\" \/>\n\t<meta name=\"twitter:data1\" content=\"37 minutes\" \/>\n<script type=\"application\/ld+json\" class=\"yoast-schema-graph\">{\"@context\":\"https:\/\/schema.org\",\"@graph\":[{\"@type\":\"WebPage\",\"@id\":\"https:\/\/www.gfmfotovoltaica.com\/fr\/autoconsommation-photovoltaique\/\",\"url\":\"https:\/\/www.gfmfotovoltaica.com\/fr\/autoconsommation-photovoltaique\/\",\"name\":\"Autoconsommation photovolta\u00efque - GFM Fotovoltaica\",\"isPartOf\":{\"@id\":\"https:\/\/www.gfmfotovoltaica.com\/fr\/#website\"},\"datePublished\":\"2025-10-03T09:53:33+00:00\",\"breadcrumb\":{\"@id\":\"https:\/\/www.gfmfotovoltaica.com\/fr\/autoconsommation-photovoltaique\/#breadcrumb\"},\"inLanguage\":\"fr-FR\",\"potentialAction\":[{\"@type\":\"ReadAction\",\"target\":[\"https:\/\/www.gfmfotovoltaica.com\/fr\/autoconsommation-photovoltaique\/\"]}]},{\"@type\":\"BreadcrumbList\",\"@id\":\"https:\/\/www.gfmfotovoltaica.com\/fr\/autoconsommation-photovoltaique\/#breadcrumb\",\"itemListElement\":[{\"@type\":\"ListItem\",\"position\":1,\"name\":\"Portada\",\"item\":\"https:\/\/www.gfmfotovoltaica.com\/fr\/\"},{\"@type\":\"ListItem\",\"position\":2,\"name\":\"Autoconsommation photovolta\u00efque\"}]},{\"@type\":\"WebSite\",\"@id\":\"https:\/\/www.gfmfotovoltaica.com\/fr\/#website\",\"url\":\"https:\/\/www.gfmfotovoltaica.com\/fr\/\",\"name\":\"gfmfotovoltaica.com\",\"description\":\"Autoconsumo e Innovaci\u00f3n\",\"publisher\":{\"@id\":\"https:\/\/www.gfmfotovoltaica.com\/fr\/#organization\"},\"potentialAction\":[{\"@type\":\"SearchAction\",\"target\":{\"@type\":\"EntryPoint\",\"urlTemplate\":\"https:\/\/www.gfmfotovoltaica.com\/fr\/?s={search_term_string}\"},\"query-input\":{\"@type\":\"PropertyValueSpecification\",\"valueRequired\":true,\"valueName\":\"search_term_string\"}}],\"inLanguage\":\"fr-FR\"},{\"@type\":\"Organization\",\"@id\":\"https:\/\/www.gfmfotovoltaica.com\/fr\/#organization\",\"name\":\"gfmfotovoltaica.com\",\"url\":\"https:\/\/www.gfmfotovoltaica.com\/fr\/\",\"logo\":{\"@type\":\"ImageObject\",\"inLanguage\":\"fr-FR\",\"@id\":\"https:\/\/www.gfmfotovoltaica.com\/fr\/#\/schema\/logo\/image\/\",\"url\":\"https:\/\/www.gfmfotovoltaica.com\/wp-content\/uploads\/2024\/09\/logo-gfm-desktop-opt.webp\",\"contentUrl\":\"https:\/\/www.gfmfotovoltaica.com\/wp-content\/uploads\/2024\/09\/logo-gfm-desktop-opt.webp\",\"width\":150,\"height\":59,\"caption\":\"gfmfotovoltaica.com\"},\"image\":{\"@id\":\"https:\/\/www.gfmfotovoltaica.com\/fr\/#\/schema\/logo\/image\/\"}}]}<\/script>\n<!-- \/ Yoast SEO plugin. -->","yoast_head_json":{"title":"Autoconsommation photovolta\u00efque - GFM Fotovoltaica","robots":{"index":"index","follow":"follow","max-snippet":"max-snippet:-1","max-image-preview":"max-image-preview:large","max-video-preview":"max-video-preview:-1"},"canonical":"https:\/\/www.gfmfotovoltaica.com\/fr\/autoconsommation-photovoltaique\/","og_locale":"fr_FR","og_type":"article","og_title":"Autoconsommation photovolta\u00efque - GFM Fotovoltaica","og_url":"https:\/\/www.gfmfotovoltaica.com\/fr\/autoconsommation-photovoltaique\/","og_site_name":"GFM Fotovoltaica","twitter_card":"summary_large_image","twitter_misc":{"Dur\u00e9e de lecture estim\u00e9e":"37 minutes"},"schema":{"@context":"https:\/\/schema.org","@graph":[{"@type":"WebPage","@id":"https:\/\/www.gfmfotovoltaica.com\/fr\/autoconsommation-photovoltaique\/","url":"https:\/\/www.gfmfotovoltaica.com\/fr\/autoconsommation-photovoltaique\/","name":"Autoconsommation photovolta\u00efque - GFM Fotovoltaica","isPartOf":{"@id":"https:\/\/www.gfmfotovoltaica.com\/fr\/#website"},"datePublished":"2025-10-03T09:53:33+00:00","breadcrumb":{"@id":"https:\/\/www.gfmfotovoltaica.com\/fr\/autoconsommation-photovoltaique\/#breadcrumb"},"inLanguage":"fr-FR","potentialAction":[{"@type":"ReadAction","target":["https:\/\/www.gfmfotovoltaica.com\/fr\/autoconsommation-photovoltaique\/"]}]},{"@type":"BreadcrumbList","@id":"https:\/\/www.gfmfotovoltaica.com\/fr\/autoconsommation-photovoltaique\/#breadcrumb","itemListElement":[{"@type":"ListItem","position":1,"name":"Portada","item":"https:\/\/www.gfmfotovoltaica.com\/fr\/"},{"@type":"ListItem","position":2,"name":"Autoconsommation photovolta\u00efque"}]},{"@type":"WebSite","@id":"https:\/\/www.gfmfotovoltaica.com\/fr\/#website","url":"https:\/\/www.gfmfotovoltaica.com\/fr\/","name":"gfmfotovoltaica.com","description":"Autoconsumo e Innovaci\u00f3n","publisher":{"@id":"https:\/\/www.gfmfotovoltaica.com\/fr\/#organization"},"potentialAction":[{"@type":"SearchAction","target":{"@type":"EntryPoint","urlTemplate":"https:\/\/www.gfmfotovoltaica.com\/fr\/?s={search_term_string}"},"query-input":{"@type":"PropertyValueSpecification","valueRequired":true,"valueName":"search_term_string"}}],"inLanguage":"fr-FR"},{"@type":"Organization","@id":"https:\/\/www.gfmfotovoltaica.com\/fr\/#organization","name":"gfmfotovoltaica.com","url":"https:\/\/www.gfmfotovoltaica.com\/fr\/","logo":{"@type":"ImageObject","inLanguage":"fr-FR","@id":"https:\/\/www.gfmfotovoltaica.com\/fr\/#\/schema\/logo\/image\/","url":"https:\/\/www.gfmfotovoltaica.com\/wp-content\/uploads\/2024\/09\/logo-gfm-desktop-opt.webp","contentUrl":"https:\/\/www.gfmfotovoltaica.com\/wp-content\/uploads\/2024\/09\/logo-gfm-desktop-opt.webp","width":150,"height":59,"caption":"gfmfotovoltaica.com"},"image":{"@id":"https:\/\/www.gfmfotovoltaica.com\/fr\/#\/schema\/logo\/image\/"}}]}},"_links":{"self":[{"href":"https:\/\/www.gfmfotovoltaica.com\/fr\/wp-json\/wp\/v2\/pages\/2456","targetHints":{"allow":["GET"]}}],"collection":[{"href":"https:\/\/www.gfmfotovoltaica.com\/fr\/wp-json\/wp\/v2\/pages"}],"about":[{"href":"https:\/\/www.gfmfotovoltaica.com\/fr\/wp-json\/wp\/v2\/types\/page"}],"author":[{"embeddable":true,"href":"https:\/\/www.gfmfotovoltaica.com\/fr\/wp-json\/wp\/v2\/users\/2"}],"replies":[{"embeddable":true,"href":"https:\/\/www.gfmfotovoltaica.com\/fr\/wp-json\/wp\/v2\/comments?post=2456"}],"version-history":[{"count":6,"href":"https:\/\/www.gfmfotovoltaica.com\/fr\/wp-json\/wp\/v2\/pages\/2456\/revisions"}],"predecessor-version":[{"id":3633,"href":"https:\/\/www.gfmfotovoltaica.com\/fr\/wp-json\/wp\/v2\/pages\/2456\/revisions\/3633"}],"wp:attachment":[{"href":"https:\/\/www.gfmfotovoltaica.com\/fr\/wp-json\/wp\/v2\/media?parent=2456"}],"curies":[{"name":"wp","href":"https:\/\/api.w.org\/{rel}","templated":true}]}}